{"id":1441,"date":"2026-01-06T23:30:44","date_gmt":"2026-01-06T21:30:44","guid":{"rendered":"https:\/\/belt2belt.com\/contact\/"},"modified":"2026-03-23T22:53:24","modified_gmt":"2026-03-23T20:53:24","slug":"contact","status":"publish","type":"page","link":"https:\/\/belt2belt.com\/en\/contact\/","title":{"rendered":"Contact"},"content":{"rendered":"\n<div class=\"wp-block-uagb-container uagb-block-3b868780 alignfull uagb-is-root-container\"><div class=\"uagb-container-inner-blocks-wrap\">\n<div class=\"wp-block-uagb-advanced-heading uagb-block-9e022c12\"><h1 class=\"uagb-heading-text\">GET IN TOUCH<\/h1><\/div>\n<\/div><\/div>\n\n<div class=\"wp-block-uagb-container uagb-block-5165c1e9 alignfull uagb-is-root-container\"><div class=\"uagb-container-inner-blocks-wrap\">\n<div class=\"wp-block-uagb-container uagb-block-4d03c2a2\">\n<div class=\"wp-block-uagb-advanced-heading uagb-block-7651aa56\"><h2 class=\"uagb-heading-text\">Contact Us<\/h2><\/div>\n\n\n\n<div class=\"wp-block-uagb-forms uagb-forms__outer-wrap uagb-block-74734182 uagb-forms__medium-btn\"><form class=\"uagb-forms-main-form\" method=\"post\" autocomplete=\"on\" name=\"uagb-form-74734182\">\n<div class=\"wp-block-uagb-forms-name uagb-forms-name-wrap uagb-forms-field-set uagb-block-218af5e1\"><div class=\"uagb-forms-name-label required uagb-forms-input-label\" id=\"218af5e1\">Your name<\/div><input type=\"text\" placeholder=\"John Doe\" required=\"\" class=\"uagb-forms-name-input uagb-forms-input\" name=\"218af5e1\" autocomplete=\"off\"><\/div>\n\n\n\n<div class=\"wp-block-uagb-forms-email uagb-forms-email-wrap uagb-forms-field-set uagb-block-6b44d5de\"><div class=\"uagb-forms-email-label required uagb-forms-input-label\" id=\"6b44d5de\">Your email <\/div><input type=\"email\" class=\"uagb-forms-email-input uagb-forms-input\" placeholder=\"example@mail.com\" required=\"\" name=\"6b44d5de\" autocomplete=\"off\"><\/div>\n\n\n\n<div class=\"wp-block-uagb-forms-textarea uagb-forms-textarea-wrap uagb-forms-field-set uagb-block-d564a541\"><div class=\"uagb-forms-textarea-label required uagb-forms-input-label\" id=\"d564a541\">Your message<\/div><textarea required=\"\" class=\"uagb-forms-textarea-input uagb-forms-input\" rows=\"4\" placeholder=\"Enter your message\" name=\"d564a541\" autocomplete=\"off\"><\/textarea><\/div>\n<div class=\"uagb-forms-form-hidden-data\"><input type=\"hidden\" id=\"g-recaptcha-response\" class=\"uagb-forms-recaptcha\"\/><input type=\"hidden\" class=\"uagb_forms_form_label\" value=\"Contact form\"\/><input type=\"hidden\" class=\"uagb_forms_form_id\" value=\"uagb-form-74734182\"\/><\/div><div class=\"uagb-form-reacaptcha-error-74734182\"><\/div><div class=\"uagb-forms-main-submit-button-wrap wp-block-button\"><button class=\"uagb-forms-main-submit-button wp-block-button__link\"><div class=\"uagb-forms-main-submit-button-text\">Submit<\/div><\/button><\/div><\/form><div class=\"uagb-forms-success-message-74734182 uagb-forms-submit-message-hide\"><span>Forma buvo pateikta s\u0117kmingai. Mes susisieksime su Jumis greitu metu.<\/span><\/div><div class=\"uagb-forms-failed-message-74734182 uagb-forms-submit-message-hide\"><span>Siun\u010diant form\u0105 \u012fvyko klaida. Patikrinkite visus laukelius ir bandykite dar kart\u0105.<\/span><\/div><\/div>\n<\/div>\n\n\n\n<div class=\"wp-block-uagb-container uagb-block-f2e5eb79\">\n<div class=\"wp-block-uagb-advanced-heading uagb-block-89cf0ea2\"><h2 class=\"uagb-heading-text\">Let&#8217;s Talk<\/h2><\/div>\n\n\n\n<p style=\"margin-bottom:var(--wp--preset--spacing--20)\">Have a timing belt and want to wear it? Maybe you need a keychain from your belt? Or a rearview mirror hanger?  <br\/>Get in touch and let&#8217;s talk!<\/p>\n\n\n\n<p style=\"margin-bottom:var(--wp--preset--spacing--20)\">For urgent inquiries, contact us via <em>WhatsApp<\/em> using the phone number below.<\/p>\n\n\n\n<p>The business operates under a self-employment certificate (activity code \u2013 1115855).<\/p>\n\n\n\n<div class=\"wp-block-uagb-info-box uagb-block-b4136ee3 uagb-infobox__content-wrap  uagb-infobox-icon-left uagb-infobox-left uagb-infobox-stacked-mobile uagb-infobox-image-valign-top wp-block-uagb-info-box--has-margin\"><div class=\"uagb-infobox-margin-wrapper\"><div class=\"uagb-ifb-icon-wrap\"><div class=\"uagb-iconbox-icon-wrap uagb-infobox-shape-circle\"><svg xmlns=\"https:\/\/www.w3.org\/2000\/svg\" viewbox=\"0 0 512 512\"><path d=\"M464 64C490.5 64 512 85.49 512 112C512 127.1 504.9 141.3 492.8 150.4L275.2 313.6C263.8 322.1 248.2 322.1 236.8 313.6L19.2 150.4C7.113 141.3 0 127.1 0 112C0 85.49 21.49 64 48 64H464zM217.6 339.2C240.4 356.3 271.6 356.3 294.4 339.2L512 176V384C512 419.3 483.3 448 448 448H64C28.65 448 0 419.3 0 384V176L217.6 339.2z\"><\/path><\/svg><\/div><\/div><div class=\"uagb-ifb-content\"><div class=\"uagb-ifb-title-wrap\"><h3 class=\"uagb-ifb-title\">EMAIL <\/h3><\/div><p class=\"uagb-ifb-desc\">info@belt2belt.com<\/p><\/div><\/div><\/div>\n\n\n\n<div class=\"wp-block-uagb-info-box uagb-block-f666db85 uagb-infobox__content-wrap  uagb-infobox-icon-left uagb-infobox-left uagb-infobox-stacked-mobile uagb-infobox-image-valign-top wp-block-uagb-info-box--has-margin\"><div class=\"uagb-infobox-margin-wrapper\"><div class=\"uagb-ifb-icon-wrap\"><div class=\"uagb-iconbox-icon-wrap uagb-infobox-shape-circle\"><svg xmlns=\"https:\/\/www.w3.org\/2000\/svg\" viewbox=\"0 0 512 512\"><path d=\"M511.2 387l-23.25 100.8c-3.266 14.25-15.79 24.22-30.46 24.22C205.2 512 0 306.8 0 54.5c0-14.66 9.969-27.2 24.22-30.45l100.8-23.25C139.7-2.602 154.7 5.018 160.8 18.92l46.52 108.5c5.438 12.78 1.77 27.67-8.98 36.45L144.5 207.1c33.98 69.22 90.26 125.5 159.5 159.5l44.08-53.8c8.688-10.78 23.69-14.51 36.47-8.975l108.5 46.51C506.1 357.2 514.6 372.4 511.2 387z\"><\/path><\/svg><\/div><\/div><div class=\"uagb-ifb-content\"><div class=\"uagb-ifb-title-wrap\"><h3 class=\"uagb-ifb-title\">PHONE NUMBER<\/h3><\/div><p class=\"uagb-ifb-desc\">+370 653 96689<\/p><\/div><\/div><\/div>\n<\/div>\n<\/div><\/div>\n\n<p><\/p>\n","protected":false},"excerpt":{"rendered":"<p>GET IN TOUCH Contact Us Let&#8217;s Talk Have a timing belt and want to wear it? Maybe you need a keychain from your belt? Or a rearview mirror hanger? Get in touch and let&#8217;s talk! For urgent inquiries, contact us via WhatsApp using the phone number below. The business operates under a self-employment certificate (activity [&hellip;]<\/p>\n","protected":false},"author":2,"featured_media":0,"parent":0,"menu_order":0,"comment_status":"closed","ping_status":"closed","template":"","meta":{"_uag_custom_page_level_css":"","site-sidebar-layout":"no-sidebar","site-content-layout":"","ast-site-content-layout":"full-width-container","site-content-style":"default","site-sidebar-style":"default","ast-global-header-display":"","ast-banner-title-visibility":"disabled","ast-main-header-display":"","ast-hfb-above-header-display":"","ast-hfb-below-header-display":"","ast-hfb-mobile-header-display":"","site-post-title":"disabled","ast-breadcrumbs-content":"","ast-featured-img":"","footer-sml-layout":"","ast-disable-related-posts":"","theme-transparent-header-meta":"disabled","adv-header-id-meta":"","stick-header-meta":"","header-above-stick-meta":"","header-main-stick-meta":"","header-below-stick-meta":"","astra-migrate-meta-layouts":"set","ast-page-background-enabled":"default","ast-page-background-meta":{"desktop":{"background-color":"var(--ast-global-color-4)","background-image":"","background-repeat":"repeat","background-position":"center center","background-size":"auto","background-attachment":"scroll","background-type":"","background-media":"","overlay-type":"","overlay-color":"","overlay-opacity":"","overlay-gradient":""},"tablet":{"background-color":"","background-image":"","background-repeat":"repeat","background-position":"center center","background-size":"auto","background-attachment":"scroll","background-type":"","background-media":"","overlay-type":"","overlay-color":"","overlay-opacity":"","overlay-gradient":""},"mobile":{"background-color":"","background-image":"","background-repeat":"repeat","background-position":"center center","background-size":"auto","background-attachment":"scroll","background-type":"","background-media":"","overlay-type":"","overlay-color":"","overlay-opacity":"","overlay-gradient":""}},"ast-content-background-meta":{"desktop":{"background-color":"var(--ast-global-color-5)","background-image":"","background-repeat":"repeat","background-position":"center center","background-size":"auto","background-attachment":"scroll","background-type":"","background-media":"","overlay-type":"","overlay-color":"","overlay-opacity":"","overlay-gradient":""},"tablet":{"background-color":"var(--ast-global-color-5)","background-image":"","background-repeat":"repeat","background-position":"center center","background-size":"auto","background-attachment":"scroll","background-type":"","background-media":"","overlay-type":"","overlay-color":"","overlay-opacity":"","overlay-gradient":""},"mobile":{"background-color":"var(--ast-global-color-5)","background-image":"","background-repeat":"repeat","background-position":"center center","background-size":"auto","background-attachment":"scroll","background-type":"","background-media":"","overlay-type":"","overlay-color":"","overlay-opacity":"","overlay-gradient":""}},"footnotes":""},"class_list":["post-1441","page","type-page","status-publish","hentry"],"uagb_featured_image_src":{"full":false,"thumbnail":false,"medium":false,"medium_large":false,"large":false,"1536x1536":false,"2048x2048":false,"woocommerce_thumbnail":false,"woocommerce_single":false,"woocommerce_gallery_thumbnail":false},"uagb_author_info":{"display_name":"Belt 2Belt","author_link":"https:\/\/belt2belt.com\/en\/author\/belt2belt\/"},"uagb_comment_info":0,"uagb_excerpt":"GET IN TOUCH Contact Us Let&#8217;s Talk Have a timing belt and want to wear it? Maybe you need a keychain from your belt? Or a rearview mirror hanger? Get in touch and let&#8217;s talk! For urgent inquiries, contact us via WhatsApp using the phone number below. The business operates under a self-employment certificate (activity&hellip;","_links":{"self":[{"href":"https:\/\/belt2belt.com\/en\/wp-json\/wp\/v2\/pages\/1441","targetHints":{"allow":["GET"]}}],"collection":[{"href":"https:\/\/belt2belt.com\/en\/wp-json\/wp\/v2\/pages"}],"about":[{"href":"https:\/\/belt2belt.com\/en\/wp-json\/wp\/v2\/types\/page"}],"author":[{"embeddable":true,"href":"https:\/\/belt2belt.com\/en\/wp-json\/wp\/v2\/users\/2"}],"replies":[{"embeddable":true,"href":"https:\/\/belt2belt.com\/en\/wp-json\/wp\/v2\/comments?post=1441"}],"version-history":[{"count":21,"href":"https:\/\/belt2belt.com\/en\/wp-json\/wp\/v2\/pages\/1441\/revisions"}],"predecessor-version":[{"id":7220,"href":"https:\/\/belt2belt.com\/en\/wp-json\/wp\/v2\/pages\/1441\/revisions\/7220"}],"wp:attachment":[{"href":"https:\/\/belt2belt.com\/en\/wp-json\/wp\/v2\/media?parent=1441"}],"curies":[{"name":"wp","href":"https:\/\/api.w.org\/{rel}","templated":true}]}}